{"id":15,"date":"2015-01-23T10:52:18","date_gmt":"2015-01-23T10:52:18","guid":{"rendered":"http:\/\/gedankenschuppen.de\/?page_id=15"},"modified":"2015-12-26T22:04:52","modified_gmt":"2015-12-26T22:04:52","slug":"was-will-ich-mit-diesem-blog-2","status":"publish","type":"page","link":"http:\/\/gedankenschuppen.de\/?page_id=15","title":{"rendered":"Was will ich mit diesem Blog?"},"content":{"rendered":"<p>Ein <strong>Gedankengeb\u00e4ude<\/strong> ist eine fest gef\u00fcgte\u00a0 Konstruktion, die etwas hermacht. In diesem festen &#8222;Geb\u00e4ude&#8220; k\u00f6nnen wir uns wohnlich einrichten und ein ruhiges Leben f\u00fchren. Es ist sehr verf\u00fchrerisch, in einem festen, abgesicherten Gedankengeb\u00e4ude zu verweilen, in dem wir vor St\u00fcrmen und Gewittern gesch\u00fctzt sind und uns durch ungewohnte Gedanken nicht beunruhigen lassen m\u00fcssen. In einer Religion mit ihren Schriftgelehrten, P\u00e4psten und unfehlbaren Dogmatikern oder in einer Ideologie mit ihren Chefdenkern und Gralsh\u00fctern der reinen Lehre f\u00fchlen sich die meisten Menschen gedanklich gut aufgehoben. Sie wissen dann, was richtig und falsch ist &#8211; und m\u00fcssen sich nicht selbst den Kopf zerbrechen.<\/p>\n<p>Aber genau das\u00a0 tun wir in diesem Blog, der sich\u00a0 <a title=\"1.- Inhaltsverzeichnis\" href=\"http:\/\/gedankenschuppen.de\/?p=220\"><strong>Gedankenschuppen <\/strong><\/a>nennt. Er ist nicht stabil, hat etwas Provisorisches und Unordentliches. Hier zieht es. Bei Regen tr\u00f6pfelt es durch. Von Wohnlichkeit keine Spur. Er beinhaltet Gedanken, die eher einer Werkstatt \u00e4hneln. Diese Gedanken setzen sich dem Sturm der Wirklichkeit aus, wie sie ist &#8211; auch wo sie uns schmerzt. Diese Gedanken versuchen, anhand der angesprochenen Themen das eigene Leben und die ganze Welt zu verstehen. Kann das gutgehen? Sicher nicht, aber es ist ja auch nur ein Versuch. Irrt\u00fcmer sind vorprogrammiert. Und Meinungsverschiedenheiten sowieso. Aber ein Versuch ist besser als eine Kapitulation vor dieser Herausforderung.<\/p>\n<p>Also werde ich, der ich mich als ein gedanklicher T\u00fcftler verstehe, manche meiner Gedanken in dieser ungem\u00fctlichen Behausung (&#8222;Schuppen&#8220;) \u00f6ffentlich machen und freue mich \u00fcber konstruktive Kritik und Kommentare.<\/p>\n<p>Vorsicht: dieser Blog wendet sich nur an nachdenkliche Menschen, die sich auch von l\u00e4ngeren Gedankeng\u00e4ngen nicht abschrecken lassen, sich gern an anderen Meinungen reiben und Spa\u00df am Debattieren haben &#8211; auch dann,\u00a0 wenn diese &#8222;Debatten&#8220; nur im eigenen Kopf stattfinden.\u00a0 <a title=\"0.- Inhaltsverzeichnis\" href=\"http:\/\/gedankenschuppen.de\/?p=220\">zum Inhaltsverzeichnis<\/a><\/p>\n","protected":false},"excerpt":{"rendered":"<p>Ein Gedankengeb\u00e4ude ist eine fest gef\u00fcgte\u00a0 Konstruktion, die etwas hermacht. In diesem festen &#8222;Geb\u00e4ude&#8220; k\u00f6nnen wir uns wohnlich einrichten und ein ruhiges Leben f\u00fchren. Es ist sehr verf\u00fchrerisch, in einem festen, abgesicherten Gedankengeb\u00e4ude zu verweilen, in dem wir vor St\u00fcrmen und Gewittern&#8230;<\/p>\n<p><a class='more-link' href='http:\/\/gedankenschuppen.de\/?page_id=15'>Read More <span class='screen-reader-text'>Was will ich mit diesem Blog?<\/span><\/a><\/p>","protected":false},"author":1,"featured_media":565,"parent":0,"menu_order":0,"comment_status":"closed","ping_status":"open","template":"","meta":{"footnotes":""},"class_list":{"1":"page","2":"publish","3":"author-admin","4":"post-15","6":"has-post-thumbnail","7":"excerpt"},"_links":{"self":[{"href":"http:\/\/gedankenschuppen.de\/index.php?rest_route=\/wp\/v2\/pages\/15","targetHints":{"allow":["GET"]}}],"collection":[{"href":"http:\/\/gedankenschuppen.de\/index.php?rest_route=\/wp\/v2\/pages"}],"about":[{"href":"http:\/\/gedankenschuppen.de\/index.php?rest_route=\/wp\/v2\/types\/page"}],"author":[{"embeddable":true,"href":"http:\/\/gedankenschuppen.de\/index.php?rest_route=\/wp\/v2\/users\/1"}],"replies":[{"embeddable":true,"href":"http:\/\/gedankenschuppen.de\/index.php?rest_route=%2Fwp%2Fv2%2Fcomments&post=15"}],"version-history":[{"count":18,"href":"http:\/\/gedankenschuppen.de\/index.php?rest_route=\/wp\/v2\/pages\/15\/revisions"}],"predecessor-version":[{"id":914,"href":"http:\/\/gedankenschuppen.de\/index.php?rest_route=\/wp\/v2\/pages\/15\/revisions\/914"}],"wp:featuredmedia":[{"embeddable":true,"href":"http:\/\/gedankenschuppen.de\/index.php?rest_route=\/wp\/v2\/media\/565"}],"wp:attachment":[{"href":"http:\/\/gedankenschuppen.de\/index.php?rest_route=%2Fwp%2Fv2%2Fmedia&parent=15"}],"curies":[{"name":"wp","href":"https:\/\/api.w.org\/{rel}","templated":true}]}}